{"id":261,"date":"2021-11-02T21:52:07","date_gmt":"2021-11-02T20:52:07","guid":{"rendered":"https:\/\/www.academia-silesia.eu\/?page_id=261"},"modified":"2025-11-21T09:38:45","modified_gmt":"2025-11-21T08:38:45","slug":"ueber-das-projekt","status":"publish","type":"page","link":"https:\/\/www.academia-silesia.eu\/pl\/ueber-das-projekt\/","title":{"rendered":"O projekcie"},"content":{"rendered":"<div class=\"wpb-content-wrapper\"><p>[vc_row][vc_column][vc_row_inner css=&#8221;.vc_custom_1635886014055{background-image: url(https:\/\/www.academia-silesia.eu\/wp-content\/uploads\/2021\/09\/universitaten-img.jpg?id=83) !important;background-position: center !important;background-repeat: no-repeat !important;background-size: cover !important;}&#8221;][vc_column_inner][vc_empty_space height=&#8221;465px&#8221;][\/vc_column_inner][\/vc_row_inner][vc_row_inner][vc_column_inner][vc_column_text]<\/p>\n<h1>O projekcie<\/h1>\n<p>[\/vc_column_text][vc_column_text css=&#8221;&#8221;]Spotkanie i wymiana \u2013 tak\u017ce ponad granicami \u2013 s\u0105 od pocz\u0105tku zapisane w statucie Stowarzyszenia <a href=\"https:\/\/www.hausschlesien.de\/?lang=pl\">HAUS SCHLESIEN<\/a> jako wa\u017cny cel jego dzia\u0142alno\u015bci. W roku 1973 nieca\u0142y tuzin \u015al\u0105zak\u00f3w powo\u0142a\u0142 do \u017cycia stowarzyszenie, kt\u00f3re w statucie za cel swego powstania poda\u0142o \u201egromadzenie, dokumentowanie, opiek\u0119, zachowanie oraz prezentacj\u0119 i upowszechnianie kultury i historii \u015al\u0105ska\u201d. Pi\u0119\u0107 lat p\u00f3\u017aniej znaleziono odpowiedni\u0105 nieruchomo\u015b\u0107 w postaci dawnego dworu w Siedmiog\u00f3rzu, kt\u00f3ry nadawa\u0142 si\u0119 na miejsce spotka\u0144 i dzia\u0142alno\u015bci kulturalnej. W kompleksie budynk\u00f3w podlegaj\u0105cych ustawie o ochronie zabytk\u00f3w utrzymuje Stowarzyszenie dzisiaj Centrum Dokumentacji i Informacji Krajoznawstwa \u015al\u0105skiego wraz z muzeum, bibliotek\u0105, archiwum oraz hotelem i restauracj\u0105.<\/p>\n<p>Celem dzia\u0142alno\u015bci Centrum Dokumentacji i Informacji jest nawi\u0105zanie dialogu ze spo\u0142ecze\u0144stwem i zapoznanie go z tematyk\u0105 historyczn\u0105, kulturaln\u0105 i socjaln\u0105 zwi\u0105zan\u0105 bezpo\u015brednio ze \u015al\u0105skiem. Jako miejsce \u017cywej kultury pami\u0119ci do jego zada\u0144 nale\u017cy zachowanie i upowszechnianie kultury i historii regionu \u015al\u0105ska \u2013 jako miejsce spotka\u0144 i edukacji dla Niemc\u00f3w i Polak\u00f3w wnosi Centrum sw\u00f3j wk\u0142ad do europejskiego porozumienia. St\u0105d te\u017c HAUS SCHLESIEN utrzymuje intensywne kontakty z wieloma muzeami, uniwersytetami i instytucjami kultury i edukacji w Niemczech, Polsce i w Czechach oraz organizuje we wsp\u00f3\u0142pracy z nimi seminaria, warsztaty i konferencje po\u015bwi\u0119cone wzajemnemu poznaniu si\u0119 i wymianie pogl\u0105d\u00f3w.<\/p>\n<p>Cz\u0119\u015bci\u0105 tej pracy edukacyjnej na rzecz politycznego porozumienia s\u0105 organizowane przez HAUS SCHLESIEN od 1996 roku \u201e\u015al\u0105skie spotkania\u201c. W ich ramach we wsp\u00f3\u0142pracy ze \u015bl\u0105skimi uniwersytetami, wy\u017cszymi szko\u0142ami zawodowymi i zak\u0142adami naukowymi organizowanych jest corocznie ok. 10 seminari\u00f3w wyjazdowych. Z finansowym wsparciem Federalnego Ministerstwa Spraw Wewn\u0119trznych ka\u017cdego roku przyje\u017cd\u017ca do K\u00f6nigswinter na jednotygodniowe seminaria grupa 20-30 student\u00f3w germanistyki lub historii. Na uczestnik\u00f3w czeka bogaty program sk\u0142adaj\u0105cy si\u0119 z wyk\u0142ad\u00f3w, warsztat\u00f3w oraz wycieczek, s\u0142u\u017c\u0105cy poznaniu i pog\u0142\u0119bieniu ich wiedzy, a tak\u017ce polemice z kultur\u0105 i histori\u0105 \u015al\u0105ska, Republiki Federalnej Niemiec i stosunkom niemiecko-polskim. Podczas seminari\u00f3w studenci przygotowuj\u0105 ponadto prezentacje i referaty na aktualne tematy dotycz\u0105ce regionu \u015al\u0105ska, porozumienia europejskiego oraz niemiecko-polskiego s\u0105siedztwa. Korzystaj\u0105 przy tym z zasob\u00f3w biblioteki i archiwum HAUS SCHLESIEN. Seminaria wesz\u0142y w mi\u0119dzyczasie do programu studi\u00f3w wielu szk\u00f3\u0142 wy\u017cszych, a udzia\u0142 w nich wraz z prezentacj\u0105 ko\u0144cow\u0105 jest zaliczany uczestnikom na ocen\u0119. I tak w ci\u0105gu 30 lat \u201e\u015al\u0105skie spotkania\u201d sta\u0142y si\u0119 sta\u0142\u0105 cz\u0119\u015bci\u0105 programu studi\u00f3w wsp\u00f3\u0142pracuj\u0105cych instytucji.<\/p>\n<p>[\/vc_column_text][vc_column_text][\/vc_column_text][\/vc_column_inner][\/vc_row_inner][\/vc_column][\/vc_row][vc_row][vc_column][vc_single_image image=&#8221;355&#8243; img_size=&#8221;full&#8221; onclick=&#8221;link_image&#8221;][\/vc_column][\/vc_row][vc_row][vc_column][vc_column_text css=&#8221;&#8221;]Spowodowane pandemi\u0105 ograniczenia w podr\u00f3\u017cowaniu i zwi\u0105zane z tym odmowy wzi\u0119cia udzia\u0142u w seminariach wymaga\u0142y poszukania alternatywnych form komunikacji i tym samym powstania niniejszego portalu. Stwarza on mo\u017cliwo\u015b\u0107 przeniesienia seminari\u00f3w do przestrzeni wirtualnej, oferuje uczestnikom materia\u0142y do przygotowa\u0144 lub udost\u0119pnia uniwersytetom i instytucjom kultury zdigitalizowane materia\u0142y archiwalne do cel\u00f3w edukacyjnych i badawczych. Bowiem biblioteka, archiwum i zbiory HAUS SCHLESIEN dysponuj\u0105 r\u00f3\u017cnymi \u017ar\u00f3d\u0142ami maj\u0105cymi du\u017c\u0105 warto\u015b\u0107 poznawcz\u0105 dla debaty o historii \u015al\u0105ska lub historii stosunk\u00f3w niemiecko-polskich.\u00a0W wewn\u0119trznym, chronionym has\u0142em dziale, istnieje mo\u017cliwo\u015b\u0107, aby uczestnicy seminarium lub konferencji przy sporz\u0105dzaniu swoich referat\u00f3w wsparli si\u0119 odpowiednimi dokumentami, literatur\u0105 lub materia\u0142ami ilustracyjnymi lub mogli korzysta\u0107 z nich w przygotowaniu manuskrypt\u00f3w lub prezentacji.<\/p>\n<p>Przede wszystkim portal stwarza szans\u0119 publikacji rezultat\u00f3w i informacji z seminari\u00f3w i spotka\u0144 oraz przekazania osobom postronnym wi\u0119cej wiedzy o maj\u0105cych na celu polityczne porozumienie spotkaniach i konferencjach roboczych w HAUS SCHLESIEN, aby mogli oni mie\u0107 sw\u00f3j udzia\u0142 w poznaniu i do\u015bwiadczeniu. Portal pozwala na zajrzenie za kulisy i czyni tym samym prac\u0119 HAUS SCHLESIEN transparentn\u0105 i d\u0142ugotrwa\u0142\u0105.[\/vc_column_text][\/vc_column][\/vc_row][vc_row][vc_column][vc_single_image image=&#8221;357&#8243; img_size=&#8221;full&#8221; onclick=&#8221;link_image&#8221;][\/vc_column][\/vc_row]<\/p>\n<\/div>","protected":false},"excerpt":{"rendered":"<p>[vc_row][vc_column][vc_row_inner css=&#8221;.vc_custom_1635886014055{background-image: url(https:\/\/www.academia-silesia.eu\/wp-content\/uploads\/2021\/09\/universitaten-img.jpg?id=83) !important;background-position: center !important;background-repeat: no-repeat !important;background-size: cover !important;}&#8221;][vc_column_inner][vc_empty_space height=&#8221;465px&#8221;][\/vc_column_inner][\/vc_row_inner][vc_row_inner][vc_column_inner][vc_column_text] O projekcie [\/vc_column_text][vc_column_text css=&#8221;&#8221;]Spotkanie i wymiana \u2013 tak\u017ce ponad granicami \u2013 s\u0105 od pocz\u0105tku zapisane w statucie Stowarzyszenia HAUS SCHLESIEN jako wa\u017cny cel jego dzia\u0142alno\u015bci. W roku 1973 nieca\u0142y tuzin \u015al\u0105zak\u00f3w powo\u0142a\u0142 do \u017cycia stowarzyszenie, kt\u00f3re w statucie za cel swego powstania poda\u0142o \u201egromadzenie, [&hellip;]<\/p>\n","protected":false},"author":1,"featured_media":0,"parent":0,"menu_order":0,"comment_status":"closed","ping_status":"closed","template":"","meta":{"_acf_changed":false,"inline_featured_image":false,"footnotes":""},"class_list":["post-261","page","type-page","status-publish","hentry"],"acf":[],"_links":{"self":[{"href":"https:\/\/www.academia-silesia.eu\/pl\/wp-json\/wp\/v2\/pages\/261","targetHints":{"allow":["GET"]}}],"collection":[{"href":"https:\/\/www.academia-silesia.eu\/pl\/wp-json\/wp\/v2\/pages"}],"about":[{"href":"https:\/\/www.academia-silesia.eu\/pl\/wp-json\/wp\/v2\/types\/page"}],"author":[{"embeddable":true,"href":"https:\/\/www.academia-silesia.eu\/pl\/wp-json\/wp\/v2\/users\/1"}],"replies":[{"embeddable":true,"href":"https:\/\/www.academia-silesia.eu\/pl\/wp-json\/wp\/v2\/comments?post=261"}],"version-history":[{"count":15,"href":"https:\/\/www.academia-silesia.eu\/pl\/wp-json\/wp\/v2\/pages\/261\/revisions"}],"predecessor-version":[{"id":4110,"href":"https:\/\/www.academia-silesia.eu\/pl\/wp-json\/wp\/v2\/pages\/261\/revisions\/4110"}],"wp:attachment":[{"href":"https:\/\/www.academia-silesia.eu\/pl\/wp-json\/wp\/v2\/media?parent=261"}],"curies":[{"name":"wp","href":"https:\/\/api.w.org\/{rel}","templated":true}]}}