{"id":254,"date":"2021-11-02T21:36:28","date_gmt":"2021-11-02T20:36:28","guid":{"rendered":"https:\/\/www.academia-silesia.eu\/?page_id=254"},"modified":"2026-01-19T16:39:40","modified_gmt":"2026-01-19T15:39:40","slug":"254-2","status":"publish","type":"page","link":"https:\/\/www.academia-silesia.eu\/pl\/","title":{"rendered":"Home"},"content":{"rendered":"<div class=\"wpb-content-wrapper\"><p>[vc_row][vc_column][vc_column_text css=&#8221;.vc_custom_1763642999992{margin-bottom: 24px !important;}&#8221;]<\/p>\n<h2>Haus Schlesien &#8211; miejsce edukacji i spotka\u0144<\/h2>\n<p>W ramach serii seminari\u00f3w \u201e\u015al\u0105skie spotkania\u201c\/\u201eSchlesische Begegnungen\u201c\u00a0 <a href=\"https:\/\/www.hausschlesien.de\/\">HAUS SCHLESIEN<\/a> od prawie 30 lat zaprasza student\u00f3w \u015bl\u0105skich uniwersytet\u00f3w do poznania okolic Bonn oraz ich w\u0142asnych ma\u0142ych ojczyzn i do dyskusji o historii \u015al\u0105ska i stosunk\u00f3w niemiecko-polskich. Regularnymi spotkaniami roboczymi i seminariami dla niemieckich i polskich koleg\u00f3w z instytucji kultury i edukacji tworzy ponadto forum dla ponadgranicznej kole\u017ce\u0144skiej wymiany.<\/p>\n<p>Jako instytucja osiad\u0142a w Nadrenii HAUS SCHLESIEN jest partnerem nadre\u0144sko-westfalskiego konkursu dla uczni\u00f3w \u201eSpotkania z Europ\u0105 Wschodni\u0105\u201c\/\u201eBegegnung mit Osteuropa\u201c, jest cz\u0142onkiem Pedagogicznej Grupy Roboczej i wspiera szko\u0142y oraz uczni\u00f3w, kt\u00f3rzy bior\u0105 udzia\u0142 w konkursie.<\/p>\n<p>Poni\u017cej prezentujemy instytucje partnerskie, wyniki i wra\u017cenia po spotkaniach oraz umo\u017cliwiamy wgl\u0105d za kulisy:[\/vc_column_text][vc_row_inner][vc_column_inner width=&#8221;1\/3&#8243;]<a href=\"https:\/\/www.academia-silesia.eu\/pl\/universitaet\/uniwersytet-wroclawski-instytut-historyczny\/\" class=\"ws-image-text\"  ><picture>\r\n                <source srcset=\"https:\/\/www.academia-silesia.eu\/wp-content\/uploads\/2021\/12\/Reise_Breslau_2016__DSC0340-449x332.jpg\" media=\"(max-width: 479px)\">\r\n                <source srcset=\"https:\/\/www.academia-silesia.eu\/wp-content\/uploads\/2021\/12\/Reise_Breslau_2016__DSC0340-737x545.jpg\" media=\"(max-width: 767px) and (min-width: 480px)\">\r\n                <source srcset=\"https:\/\/www.academia-silesia.eu\/wp-content\/uploads\/2021\/12\/Reise_Breslau_2016__DSC0340-449x332.jpg\" media=\"(min-width: 768px)\">\r\n                <img decoding=\"async\" src=\"https:\/\/www.academia-silesia.eu\/wp-content\/uploads\/2021\/12\/Reise_Breslau_2016__DSC0340-449x332.jpg\"\r\n                     width=\"https:\/\/www.academia-silesia.eu\/wp-content\/uploads\/2021\/12\/Reise_Breslau_2016__DSC0340-449x332.jpg\"\r\n                     height=\"https:\/\/www.academia-silesia.eu\/wp-content\/uploads\/2021\/12\/Reise_Breslau_2016__DSC0340-449x332.jpg\"\r\n                     alt=\"\" >\r\n                <\/picture><h3 class=\"ws-text-block\">Uniwersytet Wroc\u0142awski - Instytut Historyczny<\/h3><\/a>[\/vc_column_inner][vc_column_inner width=&#8221;1\/3&#8243;]<a href=\"https:\/\/www.academia-silesia.eu\/pl\/universitaet\/europaeische-begegnungen\/\" class=\"ws-image-text\"  ><picture>\r\n                <source srcset=\"https:\/\/www.academia-silesia.eu\/wp-content\/uploads\/2026\/01\/DSC_7302-1-449x332.jpg\" media=\"(max-width: 479px)\">\r\n                <source srcset=\"https:\/\/www.academia-silesia.eu\/wp-content\/uploads\/2026\/01\/DSC_7302-1-737x501.jpg\" media=\"(max-width: 767px) and (min-width: 480px)\">\r\n                <source srcset=\"https:\/\/www.academia-silesia.eu\/wp-content\/uploads\/2026\/01\/DSC_7302-1-449x332.jpg\" media=\"(min-width: 768px)\">\r\n                <img decoding=\"async\" src=\"https:\/\/www.academia-silesia.eu\/wp-content\/uploads\/2026\/01\/DSC_7302-1-449x332.jpg\"\r\n                     width=\"https:\/\/www.academia-silesia.eu\/wp-content\/uploads\/2026\/01\/DSC_7302-1-449x332.jpg\"\r\n                     height=\"https:\/\/www.academia-silesia.eu\/wp-content\/uploads\/2026\/01\/DSC_7302-1-449x332.jpg\"\r\n                     alt=\"\" >\r\n                <\/picture><h2 class=\"ws-text-block\">Europ\u00e4ische Begegnungen<\/h2><\/a>[\/vc_column_inner][vc_column_inner width=&#8221;1\/3&#8243;]<a href=\"https:\/\/www.academia-silesia.eu\/pl\/universitaet\/schuelerwettbewerb-begegnung-mit-osteuropa\/\" class=\"ws-image-text\"  ><picture>\r\n                <source srcset=\"https:\/\/www.academia-silesia.eu\/wp-content\/uploads\/2025\/09\/logo_swb_grau_mit_wappen-449x306.jpg\" media=\"(max-width: 479px)\">\r\n                <source srcset=\"https:\/\/www.academia-silesia.eu\/wp-content\/uploads\/2025\/09\/logo_swb_grau_mit_wappen-737x306.jpg\" media=\"(max-width: 767px) and (min-width: 480px)\">\r\n                <source srcset=\"https:\/\/www.academia-silesia.eu\/wp-content\/uploads\/2025\/09\/logo_swb_grau_mit_wappen-449x306.jpg\" media=\"(min-width: 768px)\">\r\n                <img decoding=\"async\" src=\"https:\/\/www.academia-silesia.eu\/wp-content\/uploads\/2025\/09\/logo_swb_grau_mit_wappen-449x306.jpg\"\r\n                     width=\"https:\/\/www.academia-silesia.eu\/wp-content\/uploads\/2025\/09\/logo_swb_grau_mit_wappen-449x306.jpg\"\r\n                     height=\"https:\/\/www.academia-silesia.eu\/wp-content\/uploads\/2025\/09\/logo_swb_grau_mit_wappen-449x306.jpg\"\r\n                     alt=\"\" >\r\n                <\/picture><h3 class=\"ws-text-block\">Konkurs dla uczni\u00f3w \u201eSpotkanie z Europ\u0105 Wschodni\u0105\u201d<\/h3><\/a>[\/vc_column_inner][\/vc_row_inner][\/vc_column][\/vc_row][vc_row][vc_column width=&#8221;1\/3&#8243;]<a href=\"https:\/\/www.academia-silesia.eu\/pl\/universitaet\/niemiecko-polskie-forum-muzealne\/\" class=\"ws-image-text\"  ><picture>\r\n                <source srcset=\"https:\/\/www.academia-silesia.eu\/wp-content\/uploads\/2023\/05\/Museumsforum-449x332.jpg\" media=\"(max-width: 479px)\">\r\n                <source srcset=\"https:\/\/www.academia-silesia.eu\/wp-content\/uploads\/2023\/05\/Museumsforum-737x545.jpg\" media=\"(max-width: 767px) and (min-width: 480px)\">\r\n                <source srcset=\"https:\/\/www.academia-silesia.eu\/wp-content\/uploads\/2023\/05\/Museumsforum-449x332.jpg\" media=\"(min-width: 768px)\">\r\n                <img decoding=\"async\" src=\"https:\/\/www.academia-silesia.eu\/wp-content\/uploads\/2023\/05\/Museumsforum-449x332.jpg\"\r\n                     width=\"https:\/\/www.academia-silesia.eu\/wp-content\/uploads\/2023\/05\/Museumsforum-449x332.jpg\"\r\n                     height=\"https:\/\/www.academia-silesia.eu\/wp-content\/uploads\/2023\/05\/Museumsforum-449x332.jpg\"\r\n                     alt=\"\" >\r\n                <\/picture><h2 class=\"ws-text-block\">NIEMIECKO-POLSKIE FORUM MUZEALNE<\/h2><\/a>[\/vc_column][vc_column width=&#8221;1\/3&#8243;]<a href=\"https:\/\/www.academia-silesia.eu\/pl\/universitaet\/uniwersytet-zielonogorski\/\" class=\"ws-image-text\"  ><picture>\r\n                <source srcset=\"https:\/\/www.academia-silesia.eu\/wp-content\/uploads\/2023\/05\/Uni-Gruenberg-449x332.jpg\" media=\"(max-width: 479px)\">\r\n                <source srcset=\"https:\/\/www.academia-silesia.eu\/wp-content\/uploads\/2023\/05\/Uni-Gruenberg-737x545.jpg\" media=\"(max-width: 767px) and (min-width: 480px)\">\r\n                <source srcset=\"https:\/\/www.academia-silesia.eu\/wp-content\/uploads\/2023\/05\/Uni-Gruenberg-449x332.jpg\" media=\"(min-width: 768px)\">\r\n                <img decoding=\"async\" src=\"https:\/\/www.academia-silesia.eu\/wp-content\/uploads\/2023\/05\/Uni-Gruenberg-449x332.jpg\"\r\n                     width=\"https:\/\/www.academia-silesia.eu\/wp-content\/uploads\/2023\/05\/Uni-Gruenberg-449x332.jpg\"\r\n                     height=\"https:\/\/www.academia-silesia.eu\/wp-content\/uploads\/2023\/05\/Uni-Gruenberg-449x332.jpg\"\r\n                     alt=\"\" >\r\n                <\/picture><h2 class=\"ws-text-block\">Uniwersytet Zielonog\u00f3rski<\/h2><\/a>[\/vc_column][vc_column width=&#8221;1\/3&#8243;]<a href=\"https:\/\/www.academia-silesia.eu\/pl\/universitaet\/uniwersytet-slaski-w-katowicach\/\" class=\"ws-image-text\"  ><picture>\r\n                <source srcset=\"https:\/\/www.academia-silesia.eu\/wp-content\/uploads\/2022\/03\/Uni-Kattowitz-449x332.jpg\" media=\"(max-width: 479px)\">\r\n                <source srcset=\"https:\/\/www.academia-silesia.eu\/wp-content\/uploads\/2022\/03\/Uni-Kattowitz-737x545.jpg\" media=\"(max-width: 767px) and (min-width: 480px)\">\r\n                <source srcset=\"https:\/\/www.academia-silesia.eu\/wp-content\/uploads\/2022\/03\/Uni-Kattowitz-449x332.jpg\" media=\"(min-width: 768px)\">\r\n                <img decoding=\"async\" src=\"https:\/\/www.academia-silesia.eu\/wp-content\/uploads\/2022\/03\/Uni-Kattowitz-449x332.jpg\"\r\n                     width=\"https:\/\/www.academia-silesia.eu\/wp-content\/uploads\/2022\/03\/Uni-Kattowitz-449x332.jpg\"\r\n                     height=\"https:\/\/www.academia-silesia.eu\/wp-content\/uploads\/2022\/03\/Uni-Kattowitz-449x332.jpg\"\r\n                     alt=\"\" >\r\n                <\/picture><h2 class=\"ws-text-block\">Uniwersytet \u015al\u0105ski w Katowicach<\/h2><\/a>[\/vc_column][\/vc_row][vc_row][vc_column width=&#8221;1\/3&#8243;][\/vc_column][vc_column width=&#8221;1\/3&#8243;]<a href=\"https:\/\/www.academia-silesia.eu\/pl\/universitaet\/panstwowa-akademia-nauk-stosowanych-w-nysie\/\" class=\"ws-image-text\"  ><picture>\r\n                <source srcset=\"https:\/\/www.academia-silesia.eu\/wp-content\/uploads\/2023\/05\/f2-449x332.jpg\" media=\"(max-width: 479px)\">\r\n                <source srcset=\"https:\/\/www.academia-silesia.eu\/wp-content\/uploads\/2023\/05\/f2.jpg\" media=\"(max-width: 767px) and (min-width: 480px)\">\r\n                <source srcset=\"https:\/\/www.academia-silesia.eu\/wp-content\/uploads\/2023\/05\/f2-449x332.jpg\" media=\"(min-width: 768px)\">\r\n                <img decoding=\"async\" src=\"https:\/\/www.academia-silesia.eu\/wp-content\/uploads\/2023\/05\/f2-449x332.jpg\"\r\n                     width=\"https:\/\/www.academia-silesia.eu\/wp-content\/uploads\/2023\/05\/f2-449x332.jpg\"\r\n                     height=\"https:\/\/www.academia-silesia.eu\/wp-content\/uploads\/2023\/05\/f2-449x332.jpg\"\r\n                     alt=\"\" >\r\n                <\/picture><h3 class=\"ws-text-block\">Pa\u0144stwowa Akademia Nauk Stosowanych w Nysie<\/h3><\/a>[\/vc_column][vc_column width=&#8221;1\/3&#8243;][\/vc_column][\/vc_row][vc_row][vc_column][vc_column_text css=&#8221;&#8221;]<\/p>\n<h2>Najnowsze artyku\u0142y:<\/h2>\n<p>[\/vc_column_text][\/vc_column][\/vc_row][vc_row][vc_column]<div class=\"arbeitsgruppe_last_posts row\"><div class=\"col-sm-6\">\t<a href=\"https:\/\/www.academia-silesia.eu\/pl\/arbeitsgruppe\/mein-europa-meine-europaeer\/\" class=\"arbeitsgruppe-card\" >\n\t\t<img decoding=\"async\" src=\"https:\/\/www.academia-silesia.eu\/wp-content\/uploads\/2026\/01\/Parlament.jpg\" alt=\"\"\/>\n\t\t<div class=\"arbeitsgruppe-card-info\"><h3>Moja Europa - Moi Europejczycy<\/h3><div class=\"arbeitsgruppe-info\">Europ\u00e4ische Begegnungen<\/div><div class=\"arbeitsgruppe-date\">12.11.2025<\/div><\/div>\t<\/a>\n<\/div><div class=\"col-sm-6\">\t<a href=\"https:\/\/www.academia-silesia.eu\/pl\/arbeitsgruppe\/den-74-schuelerwettbewerb-im-fokus\/\" class=\"arbeitsgruppe-card\" >\n\t\t<img decoding=\"async\" src=\"https:\/\/www.academia-silesia.eu\/wp-content\/uploads\/2025\/11\/Fotoshooting-1-1.jpg\" alt=\"\"\/>\n\t\t<div class=\"arbeitsgruppe-card-info\"><h3>DEN 74. SCH\u00dcLERWETTBEWERB IM FOKUS<\/h3><div class=\"arbeitsgruppe-info\">Konkurs dla uczni\u00f3w \u201eSpotkanie z Europ\u0105 Wschodni\u0105\u201d<\/div><div class=\"arbeitsgruppe-date\">31.10.2025<\/div><\/div>\t<\/a>\n<\/div><\/div>[\/vc_column][\/vc_row]<\/p>\n<\/div>","protected":false},"excerpt":{"rendered":"<p>[vc_row][vc_column][vc_column_text css=&#8221;.vc_custom_1763642999992{margin-bottom: 24px !important;}&#8221;] Haus Schlesien &#8211; miejsce edukacji i spotka\u0144 W ramach serii seminari\u00f3w \u201e\u015al\u0105skie spotkania\u201c\/\u201eSchlesische Begegnungen\u201c\u00a0 HAUS SCHLESIEN od prawie 30 lat zaprasza student\u00f3w \u015bl\u0105skich uniwersytet\u00f3w do poznania okolic Bonn oraz ich w\u0142asnych ma\u0142ych ojczyzn i do dyskusji o historii \u015al\u0105ska i stosunk\u00f3w niemiecko-polskich. Regularnymi spotkaniami roboczymi i seminariami dla niemieckich i polskich [&hellip;]<\/p>\n","protected":false},"author":3,"featured_media":0,"parent":0,"menu_order":0,"comment_status":"closed","ping_status":"closed","template":"page-home.php","meta":{"_acf_changed":false,"inline_featured_image":false,"footnotes":""},"class_list":["post-254","page","type-page","status-publish","hentry"],"acf":[],"_links":{"self":[{"href":"https:\/\/www.academia-silesia.eu\/pl\/wp-json\/wp\/v2\/pages\/254","targetHints":{"allow":["GET"]}}],"collection":[{"href":"https:\/\/www.academia-silesia.eu\/pl\/wp-json\/wp\/v2\/pages"}],"about":[{"href":"https:\/\/www.academia-silesia.eu\/pl\/wp-json\/wp\/v2\/types\/page"}],"author":[{"embeddable":true,"href":"https:\/\/www.academia-silesia.eu\/pl\/wp-json\/wp\/v2\/users\/3"}],"replies":[{"embeddable":true,"href":"https:\/\/www.academia-silesia.eu\/pl\/wp-json\/wp\/v2\/comments?post=254"}],"version-history":[{"count":27,"href":"https:\/\/www.academia-silesia.eu\/pl\/wp-json\/wp\/v2\/pages\/254\/revisions"}],"predecessor-version":[{"id":4375,"href":"https:\/\/www.academia-silesia.eu\/pl\/wp-json\/wp\/v2\/pages\/254\/revisions\/4375"}],"wp:attachment":[{"href":"https:\/\/www.academia-silesia.eu\/pl\/wp-json\/wp\/v2\/media?parent=254"}],"curies":[{"name":"wp","href":"https:\/\/api.w.org\/{rel}","templated":true}]}}